{"id":2509,"date":"2014-12-10T21:47:55","date_gmt":"2014-12-10T19:47:55","guid":{"rendered":"http:\/\/www.mnkystudio.com\/care\/?page_id=2509"},"modified":"2024-07-10T11:15:56","modified_gmt":"2024-07-10T11:15:56","slug":"team-member-profiles","status":"publish","type":"page","link":"https:\/\/zakrocki.de\/?page_id=2509","title":{"rendered":"\u00c4rzte"},"content":{"rendered":"<p>[vc_row row_mobile_style=&#8220;ipad_full_width&#8220; bg_color=&#8220;#fafafa&#8220;][vc_column width=&#8220;1\/3&#8243; css=&#8220;.vc_custom_1412531612887{padding-right: 50px !important;}&#8220;][vc_empty_space height=&#8220;10px&#8220;][vc_team img_url=&#8220;3050&#8243; name=&#8220;Dr. med. dent. Dagmar Zakrocki M.Sc.&#8220; position=&#8220;Zahn\u00e4rztin&#8220; style=&#8220;team-style-2&#8243;]T\u00e4tigkeitsschwerpunkte:<br \/>\n\u00c4sthetische Zahnheilkunde<br \/>\nParodontologie<br \/>\nKinderbehandlung[\/vc_team][\/vc_column][vc_column width=&#8220;2\/3&#8243;][vc_toggle title=&#8220;Biographie&#8220; open=&#8220;true&#8220;]<strong>Studienorte<\/strong>:<\/p>\n<p>1986-1987: Studium der Medizin , Medizinischen Akademie\u00a0 Danzig<\/p>\n<p>1987-1991: Studium der Zahnmedizin , Medizinische Akademie Danzig<\/p>\n<p><strong><br \/>\n<\/strong><strong>Beruflicher Werdegang:<br \/>\n<\/strong>1991-1992: Zahn\u00e4rztin am Krankenhaus in Reszel<\/p>\n<p>1992-1993: Dentallabor Halfmann Kamp- Lintfort<\/p>\n<p><strong><br \/>\nNiederlassung in eigener Praxis:<br \/>\n<\/strong><\/p>\n<p>1995: selbstst\u00e4ndig in eigener Praxis in Geldern<\/p>\n<p><strong>Promotion<br \/>\n<\/strong>2007:<br \/>\nDr. med. dent., Dissertationsthema &#8222;Beurteilung des Zahnstatus und<br \/>\ndes Paradontiums bei Kindern und Jugendlichen nach kieferorthop\u00e4discher Behandlung&#8220;<br \/>\n<strong><br \/>\n<\/strong><\/p>\n<p><strong>Weitere Abschl\u00fcsse:<\/strong><br \/>\n2011:<br \/>\nFortbildung, Master of Science (M. Sc.) ,<em> \u00c4sthetisch \u2013 Rekonstruktive Zahnmedizin ::<br \/>\n<\/em><em>Master-Thesis : Sulkuser\u00f6ffnung und Darstellung vor Abdrucknahme &#8211; <\/em><em>Laser versus F\u00e4den<\/em>[\/vc_toggle][vc_toggle title=&#8220;Arbeits- &amp; Forschungsschwepunkte:&#8220;]<\/p>\n<ul>\n<li>\u00c4sthetisch \u2013 Rekonstruktive Zahnmedizin<\/li>\n<li>Parodontologie<\/li>\n<li>Kinderbehandlung<\/li>\n<\/ul>\n<p>[\/vc_toggle][vc_toggle title=&#8220;Zertifizierungen &amp; Fortbildungen:&#8220;]* Curriculum Parodontolgie , Zahn\u00e4rztekammer D\u00fcsseldorf<\/p>\n<p>*Regelm\u00e4\u00dfige Fortbildungen in der\u00a0 Computergesteuerten Zahnrekonstruktion<br \/>\nund Laserzahnmedizin ( unter anderem Kongressbesuche\u00a0 in USA und Japan )[\/vc_toggle][vc_empty_space height=&#8220;40px&#8220;][\/vc_column][\/vc_row][vc_row row_mobile_style=&#8220;ipad_full_width&#8220;][vc_column width=&#8220;1\/3&#8243; css=&#8220;.vc_custom_1412531612887{padding-right: 50px !important;}&#8220;][vc_empty_space height=&#8220;10px&#8220;][vc_team img_url=&#8220;3137&#8243; name=&#8220;Oxana Morrosch&#8220; position=&#8220;Fachzahn\u00e4rztin f\u00fcr Kieferorthop\u00e4die&#8220; style=&#8220;team-style-2&#8243;][\/vc_team][\/vc_column][vc_column width=&#8220;2\/3&#8243;][vc_toggle title=&#8220;Biographie&#8220; open=&#8220;true&#8220;]<strong> Studienort\/e: <\/strong><br \/>\n1983 &#8211; 1989 Studium der Zahnheilkunde an der Medizinischen Hochschule M.Gorkij, Donezk<\/p>\n<p><strong>Arztzulassung seit:<br \/>\n<\/strong>1999 Deutsche Approbation als Zahn\u00e4rztin 1999<\/p>\n<p><strong><br \/>\nBeruflicher Werdegang:<br \/>\n<\/strong>1990\u00a0 &#8211; 1993 T\u00e4tigkeit als Zahn\u00e4rztin in der Ukraine<\/p>\n<p>Seit 1995 T\u00e4tigkeit als Zahn\u00e4rztin in und um Bochum<\/p>\n<p>Seit 1999 T\u00e4tigkeit ausschlie\u00dflich in der Kieferorthop\u00e4die<\/p>\n<p>&nbsp;<\/p>\n<p>Sprachen: neben Deutsch auch Russisch und Ukrainisch flie\u00dfend.<br \/>\n[\/vc_toggle][vc_empty_space height=&#8220;40px&#8220;][\/vc_column][\/vc_row]<\/p>\n","protected":false},"excerpt":{"rendered":"<p>[vc_row row_mobile_style=&#8220;ipad_full_width&#8220; bg_color=&#8220;#fafafa&#8220;][vc_column width=&#8220;1\/3&#8243; css=&#8220;.vc_custom_1412531612887{padding-right: 50px !important;}&#8220;][vc_empty_space height=&#8220;10px&#8220;][vc_team img_url=&#8220;3050&#8243; name=&#8220;Dr. med. dent. Dagmar Zakrocki M.Sc.&#8220; position=&#8220;Zahn\u00e4rztin&#8220; style=&#8220;team-style-2&#8243;]T\u00e4tigkeitsschwerpunkte: \u00c4sthetische Zahnheilkunde Parodontologie Kinderbehandlung[\/vc_team][\/vc_column][vc_column width=&#8220;2\/3&#8243;][vc_toggle title=&#8220;Biographie&#8220; open=&#8220;true&#8220;]Studienorte: 1986-1987: Studium der Medizin , Medizinischen Akademie\u00a0 Danzig 1987-1991: Studium der Zahnmedizin , Medizinische Akademie Danzig Beruflicher Werdegang: 1991-1992: Zahn\u00e4rztin am Krankenhaus in Reszel 1992-1993: Dentallabor Halfmann Kamp- Lintfort Niederlassung in [&hellip;]<\/p>\n","protected":false},"author":1,"featured_media":0,"parent":0,"menu_order":0,"comment_status":"closed","ping_status":"closed","template":"page-full-width.php","meta":{"footnotes":""},"_links":{"self":[{"href":"https:\/\/zakrocki.de\/index.php?rest_route=\/wp\/v2\/pages\/2509"}],"collection":[{"href":"https:\/\/zakrocki.de\/index.php?rest_route=\/wp\/v2\/pages"}],"about":[{"href":"https:\/\/zakrocki.de\/index.php?rest_route=\/wp\/v2\/types\/page"}],"author":[{"embeddable":true,"href":"https:\/\/zakrocki.de\/index.php?rest_route=\/wp\/v2\/users\/1"}],"replies":[{"embeddable":true,"href":"https:\/\/zakrocki.de\/index.php?rest_route=%2Fwp%2Fv2%2Fcomments&post=2509"}],"version-history":[{"count":42,"href":"https:\/\/zakrocki.de\/index.php?rest_route=\/wp\/v2\/pages\/2509\/revisions"}],"predecessor-version":[{"id":3308,"href":"https:\/\/zakrocki.de\/index.php?rest_route=\/wp\/v2\/pages\/2509\/revisions\/3308"}],"wp:attachment":[{"href":"https:\/\/zakrocki.de\/index.php?rest_route=%2Fwp%2Fv2%2Fmedia&parent=2509"}],"curies":[{"name":"wp","href":"https:\/\/api.w.org\/{rel}","templated":true}]}}